{"id":214,"date":"2025-09-10T10:33:44","date_gmt":"2025-09-10T08:33:44","guid":{"rendered":"https:\/\/sede.iim-ibl-inetum.services\/?page_id=214"},"modified":"2025-10-15T08:25:06","modified_gmt":"2025-10-15T06:25:06","slug":"home","status":"publish","type":"page","link":"https:\/\/ecm.iim-ibl-inetum.services\/","title":{"rendered":"Home"},"content":{"rendered":"\t\t<div data-elementor-type=\"wp-page\" data-elementor-id=\"214\" class=\"elementor elementor-214\">\n\t\t\t\t<div class=\"elementor-element elementor-element-ff73a9e e-con-full e-flex e-con e-parent\" data-id=\"ff73a9e\" data-element_type=\"container\" data-e-type=\"container\">\n\t\t<div class=\"elementor-element elementor-element-80bf257 e-con-full e-flex e-con e-child\" data-id=\"80bf257\" data-element_type=\"container\" data-e-type=\"container\">\n\t\t\t\t<div class=\"elementor-element elementor-element-4466337 elementor-widget elementor-widget-heading\" data-id=\"4466337\" data-element_type=\"widget\" data-e-type=\"widget\" data-widget_type=\"heading.default\">\n\t\t\t\t\t<h2 class=\"elementor-heading-title elementor-size-default\">Cat\u00e1logo de tr\u00e1mites<\/h2>\t\t\t\t<\/div>\n\t\t<div class=\"elementor-element elementor-element-d841624 e-con-full e-flex e-con e-child\" data-id=\"d841624\" data-element_type=\"container\" data-e-type=\"container\" data-settings=\"{&quot;background_background&quot;:&quot;classic&quot;}\">\n\t\t\t\t<div class=\"elementor-element elementor-element-c70951c elementor-widget elementor-widget-text-editor\" data-id=\"c70951c\" data-element_type=\"widget\" data-e-type=\"widget\" data-widget_type=\"text-editor.default\">\n\t\t\t\t\t\t\t\t\t<p>En este espacio se presentan los diferentes tr\u00e1mites y servicios disponibles para su gesti\u00f3n en l\u00ednea en la Sede Electr\u00f3nica de Inetum. Aqu\u00ed encontrar\u00e1 informaci\u00f3n detallada sobre cada tr\u00e1mite, incluyendo requisitos, plazos, normativa y documentaci\u00f3n necesaria.<\/p><p>La Sede Electr\u00f3nica est\u00e1 disponible las 24 horas del d\u00eda, los 7 d\u00edas de la semana, garantizando la accesibilidad en todo momento. Este cat\u00e1logo ha sido dise\u00f1ado para facilitar y agilizar sus gestiones administrativas.<\/p><p>Para cualquier consulta o incidencia con el uso del mismo, p\u00f3ngase en contacto con nuestro servicio de soporte.<\/p>\t\t\t\t\t\t\t\t<\/div>\n\t\t\t\t<\/div>\n\t\t<div class=\"elementor-element elementor-element-4edb0c3 e-con-full box-links-content e-flex e-con e-child\" data-id=\"4edb0c3\" data-element_type=\"container\" data-e-type=\"container\">\n\t\t\t\t<div class=\"elementor-element elementor-element-815729f elementor-widget elementor-widget-heading\" data-id=\"815729f\" data-element_type=\"widget\" data-e-type=\"widget\" data-widget_type=\"heading.default\">\n\t\t\t\t\t<h4 class=\"elementor-heading-title elementor-size-default\">Tr\u00e1mites destacados<\/h4>\t\t\t\t<\/div>\n\t\t<div class=\"elementor-element elementor-element-3c86017 tramites_destacados e-flex e-con-boxed e-con e-child\" data-id=\"3c86017\" data-element_type=\"container\" data-e-type=\"container\">\n\t\t\t\t\t<div class=\"e-con-inner\">\n\t\t\t\t<div class=\"elementor-element elementor-element-25f34b4 elementor-widget elementor-widget-text-editor\" data-id=\"25f34b4\" data-element_type=\"widget\" data-e-type=\"widget\" data-widget_type=\"text-editor.default\">\n\t\t\t\t\t\t\t\t\t<ul>\n \t<li><a href=\"https:\/\/ecm.iim-ibl-inetum.services\/invesiteRE\/action\/acceso?organismo=ER1&amp;tramite=INS_GEN_DEMO\" target=\"_blank\" rel=\"noopener\">\nInstancia general\n<i class=\"fa-solid fa-arrow-up-right-from-square\"><\/i>\n<\/a><\/li>\n \t<li><a href=\"https:\/\/ecm.iim-ibl-inetum.services\/invesiteRE\/action\/acceso?organismo=ER1&amp;tramite=PRO_SEL_DEMO \" target=\"_blank\" rel=\"noopener\">\nProceso de selecci\u00f3n de personal\n<i class=\"fa-solid fa-arrow-up-right-from-square\"><\/i>\n<\/a><\/li>\n<\/ul>\t\t\t\t\t\t\t\t<\/div>\n\t\t\t\t\t<\/div>\n\t\t\t\t<\/div>\n\t\t\t\t<\/div>\n\t\t\t\t<\/div>\n\t\t<div class=\"elementor-element elementor-element-8ed881e e-con-full e-flex e-con e-child\" data-id=\"8ed881e\" data-element_type=\"container\" data-e-type=\"container\">\n\t\t\t\t<div class=\"elementor-element elementor-element-bf82449 elementor-widget__width-inherit elementor-widget elementor-widget-html\" data-id=\"bf82449\" data-element_type=\"widget\" data-e-type=\"widget\" data-widget_type=\"html.default\">\n\t\t\t\t\t<div class=\"banner-date\">\r\n    <p class=\"p-2 banner-date-header\">\r\n        Fecha y hora oficiales\r\n    <\/p>\r\n    <p class=\"p-2 banner-date-date\" id=\"localTime\">\r\n        2\/9\/2025, 13:20:11\r\n    <\/p>\r\n<\/div>\t\t\t\t<\/div>\n\t\t\t\t<div class=\"elementor-element elementor-element-ae45a89 elementor-widget elementor-widget-html\" data-id=\"ae45a89\" data-element_type=\"widget\" data-e-type=\"widget\" data-widget_type=\"html.default\">\n\t\t\t\t\t<div class=\"banner-box tramites-destacados mt-4 me-0 me-sm-0 me-md-0 me-lg-2 me-xl-2 me-xxl-4\">\r\n    <a href=\"#\" aria-label=\"Tr\u00e1mites destacados\" class=\"position-relative\">\r\n        <h5 class=\"banner-box-darkgreen grey-bg-color flex-column justify-content-center m-0 p-2 d-flex align-items-center text-center\">\r\n            <i class=\"fa-regular fa-file-lines\"><\/i> Cat\u00e1logo de tr\u00e1mites\r\n        <\/h5>\r\n    <\/a>\r\n<\/div>\t\t\t\t<\/div>\n\t\t\t\t<div class=\"elementor-element elementor-element-08d7574 elementor-widget elementor-widget-html\" data-id=\"08d7574\" data-element_type=\"widget\" data-e-type=\"widget\" data-widget_type=\"html.default\">\n\t\t\t\t\t<div class=\"banner-box plazo-abierto mt-4 me-0 me-sm-0 me-md-0 me-lg-2 me-xl-2 me-xxl-4\">\r\n    <a href=\"#\" aria-label=\"Plazo abierto\" class=\"position-relative\">\r\n        <h5 class=\"banner-box-pink-column grey-bg-color flex-column justify-content-center m-0 p-2 d-flex align-items-center text-center\">\r\n            <i class=\"fa-regular fa-calendar-check\"><\/i> Plazo abierto\r\n        <\/h5>\r\n    <\/a>\r\n<\/div>\t\t\t\t<\/div>\n\t\t\t\t<div class=\"elementor-element elementor-element-d75f767 elementor-widget elementor-widget-heading\" data-id=\"d75f767\" data-element_type=\"widget\" data-e-type=\"widget\" data-widget_type=\"heading.default\">\n\t\t\t\t\t<h4 class=\"elementor-heading-title elementor-size-default\">Mi carpeta electr\u00f3nica<\/h4>\t\t\t\t<\/div>\n\t\t\t\t<div class=\"elementor-element elementor-element-1947981 elementor-widget__width-inherit elementor-widget elementor-widget-text-editor\" data-id=\"1947981\" data-element_type=\"widget\" data-e-type=\"widget\" data-widget_type=\"text-editor.default\">\n\t\t\t\t\t\t\t\t\t<ul class=\"box-links-content box-icon-content\">\n \t<li><a title=\"Buz\u00f3n electr\u00f3nico\" href=\"https:\/\/ecm.iim-ibl-inetum.services\/invesiteCTE\/action\/notificaciones\/list?authMethod=UserPassword&amp;organismo=ER1\" target=\"_blank\" aria-label=\"Buz\u00f3n electr\u00f3nico\">\n<i class=\"fa-regular fa-envelope\"><\/i>Buz\u00f3n\n<\/a><\/li>\n \t<li><a title=\"Mis expedientes\" href=\"https:\/\/ecm.iim-ibl-inetum.services\/invesiteCTE\/action\/acceso?authMethod=UserPassword&amp;organismo=ER1\" target=\"_blank\" aria-label=\"Mis expedientes\">\n<i class=\"fa-regular fa-file\"><\/i>Expedientes\n<\/a><\/li>\n \t<li><a title=\"Registros presentados\" href=\"https:\/\/ecm.iim-ibl-inetum.services\/invesiteViewRE\/action\/acceso?organismo=ER1\" target=\"_blank\" aria-label=\"Registros presentados\">\n<i class=\"fa-regular fa-clipboard\"><\/i>Registros\n<\/a><\/li>\n<\/ul>\t\t\t\t\t\t\t\t<\/div>\n\t\t\t\t<div class=\"elementor-element elementor-element-19ab7f3 elementor-widget elementor-widget-heading\" data-id=\"19ab7f3\" data-element_type=\"widget\" data-e-type=\"widget\" data-widget_type=\"heading.default\">\n\t\t\t\t\t<h4 class=\"elementor-heading-title elementor-size-default\">Servicios en l\u00ednea<\/h4>\t\t\t\t<\/div>\n\t\t\t\t<div class=\"elementor-element elementor-element-544bc4c banner-link elementor-widget elementor-widget-heading\" data-id=\"544bc4c\" data-element_type=\"widget\" data-e-type=\"widget\" data-widget_type=\"heading.default\">\n\t\t\t\t\t<h5 class=\"elementor-heading-title elementor-size-default\"><a href=\"https:\/\/valide.redsara.es\/valide\/validarCertificado\/ejecutar.html;\" target=\"_blank\"><i class=\"fa-regular fa-id-badge\"><\/i>\nValidaci\u00f3n de certificado<\/a><\/h5>\t\t\t\t<\/div>\n\t\t\t\t<div class=\"elementor-element elementor-element-1df2a71 banner-link elementor-widget elementor-widget-heading\" data-id=\"1df2a71\" data-element_type=\"widget\" data-e-type=\"widget\" data-widget_type=\"heading.default\">\n\t\t\t\t\t<h5 class=\"elementor-heading-title elementor-size-default\"><a href=\"https:\/\/ecm.iim-ibl-inetum.services\/invesiteCSVWeb\/action\/documento\/form\" target=\"_blank\"><i class=\"fa-regular fa-file\">\n<i class=\"fa-solid fa-check\"><\/i>\n<\/i>\n Validaci\u00f3n de documentos<\/a><\/h5>\t\t\t\t<\/div>\n\t\t\t\t<\/div>\n\t\t\t\t<\/div>\n\t\t\t\t<\/div>\n\t\t","protected":false},"excerpt":{"rendered":"<p>Cat\u00e1logo de tr\u00e1mites En este espacio se presentan los diferentes tr\u00e1mites y servicios disponibles para su gesti\u00f3n en l\u00ednea en la Sede Electr\u00f3nica de Inetum. Aqu\u00ed encontrar\u00e1 informaci\u00f3n detallada sobre cada tr\u00e1mite, incluyendo requisitos, plazos, normativa y documentaci\u00f3n necesaria. La Sede Electr\u00f3nica est\u00e1 disponible las 24 horas del d\u00eda, los 7 d\u00edas de la semana, [&hellip;]<\/p>\n","protected":false},"author":1,"featured_media":0,"parent":0,"menu_order":0,"comment_status":"closed","ping_status":"closed","template":"","meta":{"_acf_changed":false,"ocean_post_layout":"","ocean_both_sidebars_style":"","ocean_both_sidebars_content_width":0,"ocean_both_sidebars_sidebars_width":0,"ocean_sidebar":"","ocean_second_sidebar":"","ocean_disable_margins":"enable","ocean_add_body_class":"","ocean_shortcode_before_top_bar":"","ocean_shortcode_after_top_bar":"","ocean_shortcode_before_header":"","ocean_shortcode_after_header":"","ocean_has_shortcode":"","ocean_shortcode_after_title":"","ocean_shortcode_before_footer_widgets":"","ocean_shortcode_after_footer_widgets":"","ocean_shortcode_before_footer_bottom":"","ocean_shortcode_after_footer_bottom":"","ocean_display_top_bar":"default","ocean_display_header":"default","ocean_header_style":"","ocean_center_header_left_menu":"","ocean_custom_header_template":"","ocean_custom_logo":0,"ocean_custom_retina_logo":0,"ocean_custom_logo_max_width":0,"ocean_custom_logo_tablet_max_width":0,"ocean_custom_logo_mobile_max_width":0,"ocean_custom_logo_max_height":0,"ocean_custom_logo_tablet_max_height":0,"ocean_custom_logo_mobile_max_height":0,"ocean_header_custom_menu":"","ocean_menu_typo_font_family":"","ocean_menu_typo_font_subset":"","ocean_menu_typo_font_size":0,"ocean_menu_typo_font_size_tablet":0,"ocean_menu_typo_font_size_mobile":0,"ocean_menu_typo_font_size_unit":"px","ocean_menu_typo_font_weight":"","ocean_menu_typo_font_weight_tablet":"","ocean_menu_typo_font_weight_mobile":"","ocean_menu_typo_transform":"","ocean_menu_typo_transform_tablet":"","ocean_menu_typo_transform_mobile":"","ocean_menu_typo_line_height":0,"ocean_menu_typo_line_height_tablet":0,"ocean_menu_typo_line_height_mobile":0,"ocean_menu_typo_line_height_unit":"","ocean_menu_typo_spacing":0,"ocean_menu_typo_spacing_tablet":0,"ocean_menu_typo_spacing_mobile":0,"ocean_menu_typo_spacing_unit":"","ocean_menu_link_color":"","ocean_menu_link_color_hover":"","ocean_menu_link_color_active":"","ocean_menu_link_background":"","ocean_menu_link_hover_background":"","ocean_menu_link_active_background":"","ocean_menu_social_links_bg":"","ocean_menu_social_hover_links_bg":"","ocean_menu_social_links_color":"","ocean_menu_social_hover_links_color":"","ocean_disable_title":"default","ocean_disable_heading":"default","ocean_post_title":"","ocean_post_subheading":"","ocean_post_title_style":"","ocean_post_title_background_color":"","ocean_post_title_background":0,"ocean_post_title_bg_image_position":"","ocean_post_title_bg_image_attachment":"","ocean_post_title_bg_image_repeat":"","ocean_post_title_bg_image_size":"","ocean_post_title_height":0,"ocean_post_title_bg_overlay":0.5,"ocean_post_title_bg_overlay_color":"","ocean_disable_breadcrumbs":"default","ocean_breadcrumbs_color":"","ocean_breadcrumbs_separator_color":"","ocean_breadcrumbs_links_color":"","ocean_breadcrumbs_links_hover_color":"","ocean_display_footer_widgets":"default","ocean_display_footer_bottom":"default","ocean_custom_footer_template":"","footnotes":""},"class_list":["post-214","page","type-page","status-publish","hentry","entry"],"acf":[],"_links":{"self":[{"href":"https:\/\/ecm.iim-ibl-inetum.services\/index.php?rest_route=\/wp\/v2\/pages\/214","targetHints":{"allow":["GET"]}}],"collection":[{"href":"https:\/\/ecm.iim-ibl-inetum.services\/index.php?rest_route=\/wp\/v2\/pages"}],"about":[{"href":"https:\/\/ecm.iim-ibl-inetum.services\/index.php?rest_route=\/wp\/v2\/types\/page"}],"author":[{"embeddable":true,"href":"https:\/\/ecm.iim-ibl-inetum.services\/index.php?rest_route=\/wp\/v2\/users\/1"}],"replies":[{"embeddable":true,"href":"https:\/\/ecm.iim-ibl-inetum.services\/index.php?rest_route=%2Fwp%2Fv2%2Fcomments&post=214"}],"version-history":[{"count":190,"href":"https:\/\/ecm.iim-ibl-inetum.services\/index.php?rest_route=\/wp\/v2\/pages\/214\/revisions"}],"predecessor-version":[{"id":628,"href":"https:\/\/ecm.iim-ibl-inetum.services\/index.php?rest_route=\/wp\/v2\/pages\/214\/revisions\/628"}],"wp:attachment":[{"href":"https:\/\/ecm.iim-ibl-inetum.services\/index.php?rest_route=%2Fwp%2Fv2%2Fmedia&parent=214"}],"curies":[{"name":"wp","href":"https:\/\/api.w.org\/{rel}","templated":true}]}}