{"id":34,"date":"2025-08-29T09:34:50","date_gmt":"2025-08-29T07:34:50","guid":{"rendered":"https:\/\/sede.iim-ibl-inetum.services\/?page_id=34"},"modified":"2025-10-08T09:42:58","modified_gmt":"2025-10-08T07:42:58","slug":"que-es-la-sede-electronica","status":"publish","type":"page","link":"https:\/\/ecm.iim-ibl-inetum.services\/?page_id=34","title":{"rendered":"Qu\u00e9 es la sede electr\u00f3nica"},"content":{"rendered":"\t\t<div data-elementor-type=\"wp-page\" data-elementor-id=\"34\" class=\"elementor elementor-34\">\n\t\t\t\t<div class=\"elementor-element elementor-element-3d04da6 e-con-full e-flex e-con e-parent\" data-id=\"3d04da6\" data-element_type=\"container\" data-e-type=\"container\">\n\t\t<div class=\"elementor-element elementor-element-06f9889 e-con-full e-flex e-con e-child\" data-id=\"06f9889\" data-element_type=\"container\" data-e-type=\"container\">\n\t\t\t\t<div class=\"elementor-element elementor-element-c65d5fa elementor-widget elementor-widget-heading\" data-id=\"c65d5fa\" data-element_type=\"widget\" data-e-type=\"widget\" data-widget_type=\"heading.default\">\n\t\t\t\t\t<h2 class=\"elementor-heading-title elementor-size-default\">\u00bfQu\u00e9 es la sede electr\u00f3nica?<\/h2>\t\t\t\t<\/div>\n\t\t\t\t<div class=\"elementor-element elementor-element-a996823 elementor-widget elementor-widget-text-editor\" data-id=\"a996823\" data-element_type=\"widget\" data-e-type=\"widget\" data-widget_type=\"text-editor.default\">\n\t\t\t\t\t\t\t\t\t<p>El registro electr\u00f3nico es la oficina de registro en Internet habilitada para la realizaci\u00f3n de tr\u00e1mites administrativos, en cumplimiento de la ley 39\/2015, de 1 de octubre de Procedimiento Administrativo Com\u00fan de las Administraciones P\u00fablicas.<\/p>\t\t\t\t\t\t\t\t<\/div>\n\t\t\t\t<div class=\"elementor-element elementor-element-ebea25f elementor-widget elementor-widget-heading\" data-id=\"ebea25f\" data-element_type=\"widget\" data-e-type=\"widget\" data-widget_type=\"heading.default\">\n\t\t\t\t\t<h4 class=\"elementor-heading-title elementor-size-default\">\u00bfQui\u00e9n tiene que utilizarlo?<\/h4>\t\t\t\t<\/div>\n\t\t\t\t<div class=\"elementor-element elementor-element-2fa0d74 elementor-widget elementor-widget-text-editor\" data-id=\"2fa0d74\" data-element_type=\"widget\" data-e-type=\"widget\" data-widget_type=\"text-editor.default\">\n\t\t\t\t\t\t\t\t\t<p>En general todos los usuarios de servicios y programas que, en virtud del art\u00edculo 14.2 de la ley 39\/2015, est\u00e9n obligados a relacionarse electr\u00f3nicamente con la administraci\u00f3n, entre otros:<\/p><ul><li>Las personas jur\u00eddicas<\/li><li>Las entidades sin personalidad jur\u00eddica<\/li><li>Quienes representen a un interesado obligado a ello<\/li><li>Las personas f\u00edsicas podr\u00e1n asimismo utilizar este medio aunque pueden hacer sus tramitaciones de forma presencial<\/li><\/ul>\t\t\t\t\t\t\t\t<\/div>\n\t\t\t\t<div class=\"elementor-element elementor-element-b7068b3 elementor-widget elementor-widget-heading\" data-id=\"b7068b3\" data-element_type=\"widget\" data-e-type=\"widget\" data-widget_type=\"heading.default\">\n\t\t\t\t\t<h4 class=\"elementor-heading-title elementor-size-default\">\u00bfQu\u00e9 debe presentarse?<\/h4>\t\t\t\t<\/div>\n\t\t\t\t<div class=\"elementor-element elementor-element-b2d81a7 elementor-widget elementor-widget-text-editor\" data-id=\"b2d81a7\" data-element_type=\"widget\" data-e-type=\"widget\" data-widget_type=\"text-editor.default\">\n\t\t\t\t\t\t\t\t\t<p>A trav\u00e9s del registro electr\u00f3nico se deben de presentar todas las solicitudes, los escritos y\/o la documentaci\u00f3n necesaria para realizar las tramitaciones oportunas.<\/p><p>La presentaci\u00f3n debe de realizarse a trav\u00e9s del procedimiento o programa correspondiente, salvo que no exista, pudiendo entonces utilizar el Registro Gen\u00e9rico.<\/p>\t\t\t\t\t\t\t\t<\/div>\n\t\t\t\t<\/div>\n\t\t<div class=\"elementor-element elementor-element-c0d0b3f e-con-full e-flex e-con e-child\" data-id=\"c0d0b3f\" data-element_type=\"container\" data-e-type=\"container\">\n\t\t\t\t<div class=\"elementor-element elementor-element-1e7ad4e elementor-widget elementor-widget-html\" data-id=\"1e7ad4e\" data-element_type=\"widget\" data-e-type=\"widget\" data-widget_type=\"html.default\">\n\t\t\t\t\t<div class=\"banner-date\">\r\n    <p class=\"p-2 banner-date-header\">\r\n        Fecha y hora oficiales\r\n    <\/p>\r\n    <p class=\"p-2 banner-date-date\" id=\"localTime\">\r\n        2\/9\/2025, 13:20:11\r\n    <\/p>\r\n<\/div>\t\t\t\t<\/div>\n\t\t\t\t<div class=\"elementor-element elementor-element-2d2cfa4 elementor-widget elementor-widget-html\" data-id=\"2d2cfa4\" data-element_type=\"widget\" data-e-type=\"widget\" data-widget_type=\"html.default\">\n\t\t\t\t\t<div class=\"banner-box tramites-destacados mt-4 me-0 me-sm-0 me-md-0 me-lg-2 me-xl-2 me-xxl-4\">\r\n    <a href=\"#\" aria-label=\"Tr\u00e1mites destacados\" class=\"position-relative\">\r\n        <h5 class=\"banner-box-darkgreen grey-bg-color flex-column justify-content-center m-0 p-2 d-flex align-items-center text-center\">\r\n            <i class=\"fa-regular fa-file-lines\"><\/i> Cat\u00e1logo de tr\u00e1mites\r\n        <\/h5>\r\n    <\/a>\r\n<\/div>\t\t\t\t<\/div>\n\t\t\t\t<div class=\"elementor-element elementor-element-98a1e8b elementor-widget elementor-widget-html\" data-id=\"98a1e8b\" data-element_type=\"widget\" data-e-type=\"widget\" data-widget_type=\"html.default\">\n\t\t\t\t\t<div class=\"banner-box plazo-abierto mt-4 me-0 me-sm-0 me-md-0 me-lg-2 me-xl-2 me-xxl-4\">\r\n    <a href=\"#\" aria-label=\"Plazo abierto\" class=\"position-relative\">\r\n        <h5 class=\"banner-box-pink-column grey-bg-color flex-column justify-content-center m-0 p-2 d-flex align-items-center text-center\">\r\n            <i class=\"fa-regular fa-calendar-check\"><\/i> Plazo abierto\r\n        <\/h5>\r\n    <\/a>\r\n<\/div>\t\t\t\t<\/div>\n\t\t\t\t<div class=\"elementor-element elementor-element-abf4fda banner-link elementor-widget elementor-widget-heading\" data-id=\"abf4fda\" data-element_type=\"widget\" data-e-type=\"widget\" data-widget_type=\"heading.default\">\n\t\t\t\t\t<h5 class=\"elementor-heading-title elementor-size-default\"><a href=\"#\"><i class=\"fa-solid fa-circle-info\"><\/i>\nAyuda<\/a><\/h5>\t\t\t\t<\/div>\n\t\t\t\t<div class=\"elementor-element elementor-element-19dc459 banner-link elementor-widget elementor-widget-heading\" data-id=\"19dc459\" data-element_type=\"widget\" data-e-type=\"widget\" data-widget_type=\"heading.default\">\n\t\t\t\t\t<h5 class=\"elementor-heading-title elementor-size-default\"><a href=\"#\"><i class=\"fa-solid fa-question\"><\/i>\nPreguntas frecuentes<\/a><\/h5>\t\t\t\t<\/div>\n\t\t\t\t<\/div>\n\t\t\t\t<\/div>\n\t\t\t\t<\/div>\n\t\t","protected":false},"excerpt":{"rendered":"<p>\u00bfQu\u00e9 es la sede electr\u00f3nica? El registro electr\u00f3nico es la oficina de registro en Internet habilitada para la realizaci\u00f3n de tr\u00e1mites administrativos, en cumplimiento de la ley 39\/2015, de 1 de octubre de Procedimiento Administrativo Com\u00fan de las Administraciones P\u00fablicas. \u00bfQui\u00e9n tiene que utilizarlo? En general todos los usuarios de servicios y programas que, en [&hellip;]<\/p>\n","protected":false},"author":1,"featured_media":0,"parent":0,"menu_order":0,"comment_status":"closed","ping_status":"closed","template":"elementor_header_footer","meta":{"_acf_changed":false,"ocean_post_layout":"","ocean_both_sidebars_style":"","ocean_both_sidebars_content_width":0,"ocean_both_sidebars_sidebars_width":0,"ocean_sidebar":"","ocean_second_sidebar":"","ocean_disable_margins":"enable","ocean_add_body_class":"","ocean_shortcode_before_top_bar":"","ocean_shortcode_after_top_bar":"","ocean_shortcode_before_header":"","ocean_shortcode_after_header":"","ocean_has_shortcode":"","ocean_shortcode_after_title":"","ocean_shortcode_before_footer_widgets":"","ocean_shortcode_after_footer_widgets":"","ocean_shortcode_before_footer_bottom":"","ocean_shortcode_after_footer_bottom":"","ocean_display_top_bar":"default","ocean_display_header":"default","ocean_header_style":"","ocean_center_header_left_menu":"","ocean_custom_header_template":"","ocean_custom_logo":0,"ocean_custom_retina_logo":0,"ocean_custom_logo_max_width":0,"ocean_custom_logo_tablet_max_width":0,"ocean_custom_logo_mobile_max_width":0,"ocean_custom_logo_max_height":0,"ocean_custom_logo_tablet_max_height":0,"ocean_custom_logo_mobile_max_height":0,"ocean_header_custom_menu":"","ocean_menu_typo_font_family":"","ocean_menu_typo_font_subset":"","ocean_menu_typo_font_size":0,"ocean_menu_typo_font_size_tablet":0,"ocean_menu_typo_font_size_mobile":0,"ocean_menu_typo_font_size_unit":"px","ocean_menu_typo_font_weight":"","ocean_menu_typo_font_weight_tablet":"","ocean_menu_typo_font_weight_mobile":"","ocean_menu_typo_transform":"","ocean_menu_typo_transform_tablet":"","ocean_menu_typo_transform_mobile":"","ocean_menu_typo_line_height":0,"ocean_menu_typo_line_height_tablet":0,"ocean_menu_typo_line_height_mobile":0,"ocean_menu_typo_line_height_unit":"","ocean_menu_typo_spacing":0,"ocean_menu_typo_spacing_tablet":0,"ocean_menu_typo_spacing_mobile":0,"ocean_menu_typo_spacing_unit":"","ocean_menu_link_color":"","ocean_menu_link_color_hover":"","ocean_menu_link_color_active":"","ocean_menu_link_background":"","ocean_menu_link_hover_background":"","ocean_menu_link_active_background":"","ocean_menu_social_links_bg":"","ocean_menu_social_hover_links_bg":"","ocean_menu_social_links_color":"","ocean_menu_social_hover_links_color":"","ocean_disable_title":"default","ocean_disable_heading":"default","ocean_post_title":"","ocean_post_subheading":"","ocean_post_title_style":"","ocean_post_title_background_color":"","ocean_post_title_background":0,"ocean_post_title_bg_image_position":"","ocean_post_title_bg_image_attachment":"","ocean_post_title_bg_image_repeat":"","ocean_post_title_bg_image_size":"","ocean_post_title_height":0,"ocean_post_title_bg_overlay":0.5,"ocean_post_title_bg_overlay_color":"","ocean_disable_breadcrumbs":"default","ocean_breadcrumbs_color":"","ocean_breadcrumbs_separator_color":"","ocean_breadcrumbs_links_color":"","ocean_breadcrumbs_links_hover_color":"","ocean_display_footer_widgets":"default","ocean_display_footer_bottom":"default","ocean_custom_footer_template":"","footnotes":""},"class_list":["post-34","page","type-page","status-publish","hentry","entry"],"acf":[],"_links":{"self":[{"href":"https:\/\/ecm.iim-ibl-inetum.services\/index.php?rest_route=\/wp\/v2\/pages\/34","targetHints":{"allow":["GET"]}}],"collection":[{"href":"https:\/\/ecm.iim-ibl-inetum.services\/index.php?rest_route=\/wp\/v2\/pages"}],"about":[{"href":"https:\/\/ecm.iim-ibl-inetum.services\/index.php?rest_route=\/wp\/v2\/types\/page"}],"author":[{"embeddable":true,"href":"https:\/\/ecm.iim-ibl-inetum.services\/index.php?rest_route=\/wp\/v2\/users\/1"}],"replies":[{"embeddable":true,"href":"https:\/\/ecm.iim-ibl-inetum.services\/index.php?rest_route=%2Fwp%2Fv2%2Fcomments&post=34"}],"version-history":[{"count":85,"href":"https:\/\/ecm.iim-ibl-inetum.services\/index.php?rest_route=\/wp\/v2\/pages\/34\/revisions"}],"predecessor-version":[{"id":611,"href":"https:\/\/ecm.iim-ibl-inetum.services\/index.php?rest_route=\/wp\/v2\/pages\/34\/revisions\/611"}],"wp:attachment":[{"href":"https:\/\/ecm.iim-ibl-inetum.services\/index.php?rest_route=%2Fwp%2Fv2%2Fmedia&parent=34"}],"curies":[{"name":"wp","href":"https:\/\/api.w.org\/{rel}","templated":true}]}}