{"id":647,"date":"2025-11-17T09:19:17","date_gmt":"2025-11-17T08:19:17","guid":{"rendered":"https:\/\/addin-demo.iim-ibl-inetum.services\/?page_id=647"},"modified":"2025-11-17T09:19:17","modified_gmt":"2025-11-17T08:19:17","slug":"aviso-legal","status":"publish","type":"page","link":"https:\/\/ecm.iim-ibl-inetum.services\/?page_id=647","title":{"rendered":"Aviso legal"},"content":{"rendered":"\t\t<div data-elementor-type=\"wp-page\" data-elementor-id=\"647\" class=\"elementor elementor-647\">\n\t\t\t\t<div class=\"elementor-element elementor-element-51c6508 e-flex e-con-boxed e-con e-parent\" data-id=\"51c6508\" data-element_type=\"container\" data-e-type=\"container\">\n\t\t\t\t\t<div class=\"e-con-inner\">\n\t\t\t\t<div class=\"elementor-element elementor-element-3a5c64a elementor-widget elementor-widget-heading\" data-id=\"3a5c64a\" data-element_type=\"widget\" data-e-type=\"widget\" data-widget_type=\"heading.default\">\n\t\t\t\t\t<h2 class=\"elementor-heading-title elementor-size-default\">Aviso legal<\/h2>\t\t\t\t<\/div>\n\t\t\t\t<div class=\"elementor-element elementor-element-26c0f44 elementor-widget elementor-widget-text-editor\" data-id=\"26c0f44\" data-element_type=\"widget\" data-e-type=\"widget\" data-widget_type=\"text-editor.default\">\n\t\t\t\t\t\t\t\t\t<p>Con las presentes p\u00e1ginas Inetum, pretende fomentar el acceso del p\u00fablico a la informaci\u00f3n relativa a sus iniciativas en general. Nuestro objetivo consiste en velar por la actualidad y exactitud de dicha informaci\u00f3n. Trataremos de corregir los errores que se nos se\u00f1alen.<\/p>\n<p>No obstante, Inetum no asume responsabilidad alguna en relaci\u00f3n con el material incluido en estas p\u00e1ginas. Dicho material:<\/p>\n<ul>\n<li>Consiste \u00fanicamente en informaci\u00f3n de car\u00e1cter general que no aborda circunstancias espec\u00edficas relativas a personas u organismos concretos.<\/li>\n<li>No ofrece necesariamente informaci\u00f3n exhaustiva, completa, exacta o actualizada.<\/li>\n<li>Contiene en algunas ocasiones enlaces a p\u00e1ginas externas sobre las que los servicios de Inetum no tienen control alguno y respecto a las cuales declinan toda responsabilidad.<\/li>\n<\/ul>\n<p>T\u00e9ngase en cuenta que no puede garantizarse que un documento disponible en l\u00ednea reproduzca exactamente un texto adoptado oficialmente. As\u00ed pues, \u00fanicamente se consideran aut\u00e9nticos los textos legales publicados en las ediciones impresas del Bolet\u00edn Oficial del Estado (BOE) y Bolet\u00edn Oficial de la Provincia (BOPA).<\/p>\n<p>Pretendemos reducir al m\u00ednimo los errores ocasionados de car\u00e1cter t\u00e9cnico. No obstante, algunos datos o informaciones contenidos en nuestras p\u00e1ginas pueden haber sido creados o estructurados en archivos o formatos no exentos de errores, por lo que no podemos garantizar que nuestro servicio no quede interrumpido o afectado de cualquier otra forma por tales problemas. Inetum no asume responsabilidad alguna respecto de dichos problemas, que puedan resultar de la consulta de las presentes p\u00e1ginas o de aquellas otra externas objeto de reenv\u00edo.<\/p>\n<p>La presente cl\u00e1usula no tiene por objeto limitar la responsabilidad de Inetum de forma contraria a lo dispuesto por la normativa nacional aplicable, ni excluir su responsabilidad en los casos en los que, en virtud de dicha normativa, no pueda excluirse.<\/p>\t\t\t\t\t\t\t\t<\/div>\n\t\t\t\t\t<\/div>\n\t\t\t\t<\/div>\n\t\t\t\t<\/div>\n\t\t","protected":false},"excerpt":{"rendered":"<p>Aviso legal Con las presentes p\u00e1ginas Inetum, pretende fomentar el acceso del p\u00fablico a la informaci\u00f3n relativa a sus iniciativas en general. Nuestro objetivo consiste en velar por la actualidad y exactitud de dicha informaci\u00f3n. Trataremos de corregir los errores que se nos se\u00f1alen. No obstante, Inetum no asume responsabilidad alguna en relaci\u00f3n con el [&hellip;]<\/p>\n","protected":false},"author":1,"featured_media":0,"parent":0,"menu_order":0,"comment_status":"closed","ping_status":"closed","template":"","meta":{"_acf_changed":false,"ocean_post_layout":"","ocean_both_sidebars_style":"","ocean_both_sidebars_content_width":0,"ocean_both_sidebars_sidebars_width":0,"ocean_sidebar":"","ocean_second_sidebar":"","ocean_disable_margins":"enable","ocean_add_body_class":"","ocean_shortcode_before_top_bar":"","ocean_shortcode_after_top_bar":"","ocean_shortcode_before_header":"","ocean_shortcode_after_header":"","ocean_has_shortcode":"","ocean_shortcode_after_title":"","ocean_shortcode_before_footer_widgets":"","ocean_shortcode_after_footer_widgets":"","ocean_shortcode_before_footer_bottom":"","ocean_shortcode_after_footer_bottom":"","ocean_display_top_bar":"default","ocean_display_header":"default","ocean_header_style":"","ocean_center_header_left_menu":"","ocean_custom_header_template":"","ocean_custom_logo":0,"ocean_custom_retina_logo":0,"ocean_custom_logo_max_width":0,"ocean_custom_logo_tablet_max_width":0,"ocean_custom_logo_mobile_max_width":0,"ocean_custom_logo_max_height":0,"ocean_custom_logo_tablet_max_height":0,"ocean_custom_logo_mobile_max_height":0,"ocean_header_custom_menu":"","ocean_menu_typo_font_family":"","ocean_menu_typo_font_subset":"","ocean_menu_typo_font_size":0,"ocean_menu_typo_font_size_tablet":0,"ocean_menu_typo_font_size_mobile":0,"ocean_menu_typo_font_size_unit":"px","ocean_menu_typo_font_weight":"","ocean_menu_typo_font_weight_tablet":"","ocean_menu_typo_font_weight_mobile":"","ocean_menu_typo_transform":"","ocean_menu_typo_transform_tablet":"","ocean_menu_typo_transform_mobile":"","ocean_menu_typo_line_height":0,"ocean_menu_typo_line_height_tablet":0,"ocean_menu_typo_line_height_mobile":0,"ocean_menu_typo_line_height_unit":"","ocean_menu_typo_spacing":0,"ocean_menu_typo_spacing_tablet":0,"ocean_menu_typo_spacing_mobile":0,"ocean_menu_typo_spacing_unit":"","ocean_menu_link_color":"","ocean_menu_link_color_hover":"","ocean_menu_link_color_active":"","ocean_menu_link_background":"","ocean_menu_link_hover_background":"","ocean_menu_link_active_background":"","ocean_menu_social_links_bg":"","ocean_menu_social_hover_links_bg":"","ocean_menu_social_links_color":"","ocean_menu_social_hover_links_color":"","ocean_disable_title":"default","ocean_disable_heading":"default","ocean_post_title":"","ocean_post_subheading":"","ocean_post_title_style":"","ocean_post_title_background_color":"","ocean_post_title_background":0,"ocean_post_title_bg_image_position":"","ocean_post_title_bg_image_attachment":"","ocean_post_title_bg_image_repeat":"","ocean_post_title_bg_image_size":"","ocean_post_title_height":0,"ocean_post_title_bg_overlay":0.5,"ocean_post_title_bg_overlay_color":"","ocean_disable_breadcrumbs":"default","ocean_breadcrumbs_color":"","ocean_breadcrumbs_separator_color":"","ocean_breadcrumbs_links_color":"","ocean_breadcrumbs_links_hover_color":"","ocean_display_footer_widgets":"default","ocean_display_footer_bottom":"default","ocean_custom_footer_template":"","footnotes":""},"class_list":["post-647","page","type-page","status-publish","hentry","entry"],"acf":[],"_links":{"self":[{"href":"https:\/\/ecm.iim-ibl-inetum.services\/index.php?rest_route=\/wp\/v2\/pages\/647","targetHints":{"allow":["GET"]}}],"collection":[{"href":"https:\/\/ecm.iim-ibl-inetum.services\/index.php?rest_route=\/wp\/v2\/pages"}],"about":[{"href":"https:\/\/ecm.iim-ibl-inetum.services\/index.php?rest_route=\/wp\/v2\/types\/page"}],"author":[{"embeddable":true,"href":"https:\/\/ecm.iim-ibl-inetum.services\/index.php?rest_route=\/wp\/v2\/users\/1"}],"replies":[{"embeddable":true,"href":"https:\/\/ecm.iim-ibl-inetum.services\/index.php?rest_route=%2Fwp%2Fv2%2Fcomments&post=647"}],"version-history":[{"count":0,"href":"https:\/\/ecm.iim-ibl-inetum.services\/index.php?rest_route=\/wp\/v2\/pages\/647\/revisions"}],"wp:attachment":[{"href":"https:\/\/ecm.iim-ibl-inetum.services\/index.php?rest_route=%2Fwp%2Fv2%2Fmedia&parent=647"}],"curies":[{"name":"wp","href":"https:\/\/api.w.org\/{rel}","templated":true}]}}